{"id":153,"date":"2023-06-27T08:07:51","date_gmt":"2023-06-27T11:07:51","guid":{"rendered":"http:\/\/bosquedivino.com.ar\/cabanas\/?page_id=153"},"modified":"2023-06-27T08:20:06","modified_gmt":"2023-06-27T11:20:06","slug":"cabana-standard","status":"publish","type":"page","link":"https:\/\/bosquedivino.com.ar\/cabanas\/cabana-standard\/","title":{"rendered":"Caba\u00f1a Standard"},"content":{"rendered":"<p>Caba\u00f1a totalmente equipada para 4 personas, un dormitorio Matrimonial, y en el comedor un sof\u00e1 con carricama para dos personas m\u00e1s.<\/p>\n\t<!-- Gallery Engine Assets -->\r\n\t<style>\r\n\t\t#image_gallery_wrap_155 {\r\n            --ig-gutter: 8px;\r\n            --ig-cols-lg: 6;\r\n            --ig-cols-md: 4;\r\n            --ig-cols-sm: 3;\r\n            --ig-cols-xs: 2;\r\n            \r\n            \/* Dynamic Border Variables *\/\r\n                        --ig-radius: 8px;\r\n            --ig-card-radius: 8px;\r\n            --ig-card-padding: 8px;\r\n\r\n\r\n        }\r\n\t<\/style>\r\n        <div id=\"image_gallery_wrap_155\" \r\n        class=\"ig-gallery-outer-wrap ig-layout-masonry\" \r\n        data-layout=\"masonry\" \r\n        data-lb-loop=\"0\" \r\n        data-lb-label=\"Image %1 of %2\"\r\n        data-version=\"2.0.1\">\r\n\r\n    <div id=\"image_gallery_155\" \n         class=\"ig-row igp-gallery all-images_155\">\n        <div class=\"grid-sizer\"><\/div>\n                        <div class=\"ig-col single-image igp-item ig-col-lg-2 ig-col-md-3 ig-col-sm-4 ig-col-xs-6\" data-index=\"0\">\n            <div class=\"ig-image-card igp-card ig-has-card-border hvr-glow\">\n                                    <a class=\"ig-lightbox-item\" href=\"https:\/\/bosquedivino.com.ar\/cabanas\/wp-content\/uploads\/2023\/06\/9.jpeg\" data-lightbox=\"ig-gallery-155\" data-title=\"Standard 1\" data-width=\"600\" data-height=\"305\">\n                                    \n\n\n                    <div class=\"ig-image-container\">\n                        <img loading=\"lazy\" decoding=\"async\" width=\"150\" height=\"150\" src=\"https:\/\/bosquedivino.com.ar\/cabanas\/wp-content\/uploads\/2023\/06\/9-150x150.jpeg\" class=\"ig-thumbnail loading\" alt=\"Standard 1\" \/>                        \n                                            <\/div>\n\n\n\n                                    <\/a>\n                            <\/div>\n\n        <\/div>\n                        <div class=\"ig-col single-image igp-item ig-col-lg-2 ig-col-md-3 ig-col-sm-4 ig-col-xs-6\" data-index=\"1\">\n            <div class=\"ig-image-card igp-card ig-has-card-border hvr-glow\">\n                                    <a class=\"ig-lightbox-item\" href=\"https:\/\/bosquedivino.com.ar\/cabanas\/wp-content\/uploads\/2023\/06\/10.jpeg\" data-lightbox=\"ig-gallery-155\" data-title=\"Standard 2\" data-width=\"600\" data-height=\"306\">\n                                    \n\n\n                    <div class=\"ig-image-container\">\n                        <img loading=\"lazy\" decoding=\"async\" width=\"150\" height=\"150\" src=\"https:\/\/bosquedivino.com.ar\/cabanas\/wp-content\/uploads\/2023\/06\/10-150x150.jpeg\" class=\"ig-thumbnail loading\" alt=\"Standard 2\" \/>                        \n                                            <\/div>\n\n\n\n                                    <\/a>\n                            <\/div>\n\n        <\/div>\n                        <div class=\"ig-col single-image igp-item ig-col-lg-2 ig-col-md-3 ig-col-sm-4 ig-col-xs-6\" data-index=\"2\">\n            <div class=\"ig-image-card igp-card ig-has-card-border hvr-glow\">\n                                    <a class=\"ig-lightbox-item\" href=\"https:\/\/bosquedivino.com.ar\/cabanas\/wp-content\/uploads\/2023\/06\/g3.jpg\" data-lightbox=\"ig-gallery-155\" data-title=\"Standard 3\" data-width=\"285\" data-height=\"440\">\n                                    \n\n\n                    <div class=\"ig-image-container\">\n                        <img loading=\"lazy\" decoding=\"async\" width=\"150\" height=\"150\" src=\"https:\/\/bosquedivino.com.ar\/cabanas\/wp-content\/uploads\/2023\/06\/g3-150x150.jpg\" class=\"ig-thumbnail loading\" alt=\"Standard 3\" \/>                        \n                                            <\/div>\n\n\n\n                                    <\/a>\n                            <\/div>\n\n        <\/div>\n                        <div class=\"ig-col single-image igp-item ig-col-lg-2 ig-col-md-3 ig-col-sm-4 ig-col-xs-6\" data-index=\"3\">\n            <div class=\"ig-image-card igp-card ig-has-card-border hvr-glow\">\n                                    <a class=\"ig-lightbox-item\" href=\"https:\/\/bosquedivino.com.ar\/cabanas\/wp-content\/uploads\/2023\/06\/bd-038.jpg\" data-lightbox=\"ig-gallery-155\" data-title=\"Standard 4\" data-width=\"600\" data-height=\"449\">\n                                    \n\n\n                    <div class=\"ig-image-container\">\n                        <img loading=\"lazy\" decoding=\"async\" width=\"150\" height=\"150\" src=\"https:\/\/bosquedivino.com.ar\/cabanas\/wp-content\/uploads\/2023\/06\/bd-038-150x150.jpg\" class=\"ig-thumbnail loading\" alt=\"Standard 4\" \/>                        \n                                            <\/div>\n\n\n\n                                    <\/a>\n                            <\/div>\n\n        <\/div>\n                        <div class=\"ig-col single-image igp-item ig-col-lg-2 ig-col-md-3 ig-col-sm-4 ig-col-xs-6\" data-index=\"4\">\n            <div class=\"ig-image-card igp-card ig-has-card-border hvr-glow\">\n                                    <a class=\"ig-lightbox-item\" href=\"https:\/\/bosquedivino.com.ar\/cabanas\/wp-content\/uploads\/2023\/06\/g5.jpg\" data-lightbox=\"ig-gallery-155\" data-title=\"Standard 5\" data-width=\"281\" data-height=\"212\">\n                                    \n\n\n                    <div class=\"ig-image-container\">\n                        <img loading=\"lazy\" decoding=\"async\" width=\"150\" height=\"150\" src=\"https:\/\/bosquedivino.com.ar\/cabanas\/wp-content\/uploads\/2023\/06\/g5-150x150.jpg\" class=\"ig-thumbnail loading\" alt=\"Standard 5\" \/>                        \n                                            <\/div>\n\n\n\n                                    <\/a>\n                            <\/div>\n\n        <\/div>\n                        <div class=\"ig-col single-image igp-item ig-col-lg-2 ig-col-md-3 ig-col-sm-4 ig-col-xs-6\" data-index=\"5\">\n            <div class=\"ig-image-card igp-card ig-has-card-border hvr-glow\">\n                                    <a class=\"ig-lightbox-item\" href=\"https:\/\/bosquedivino.com.ar\/cabanas\/wp-content\/uploads\/2023\/06\/g11.jpg\" data-lightbox=\"ig-gallery-155\" data-title=\"Standard 6\" data-width=\"566\" data-height=\"216\">\n                                    \n\n\n                    <div class=\"ig-image-container\">\n                        <img loading=\"lazy\" decoding=\"async\" width=\"150\" height=\"150\" src=\"https:\/\/bosquedivino.com.ar\/cabanas\/wp-content\/uploads\/2023\/06\/g11-150x150.jpg\" class=\"ig-thumbnail loading\" alt=\"Standard 6\" \/>                        \n                                            <\/div>\n\n\n\n                                    <\/a>\n                            <\/div>\n\n        <\/div>\n                        <div class=\"ig-col single-image igp-item ig-col-lg-2 ig-col-md-3 ig-col-sm-4 ig-col-xs-6\" data-index=\"6\">\n            <div class=\"ig-image-card igp-card ig-has-card-border hvr-glow\">\n                                    <a class=\"ig-lightbox-item\" href=\"https:\/\/bosquedivino.com.ar\/cabanas\/wp-content\/uploads\/2023\/06\/g15.jpg\" data-lightbox=\"ig-gallery-155\" data-title=\"Standard 7\" data-width=\"281\" data-height=\"212\">\n                                    \n\n\n                    <div class=\"ig-image-container\">\n                        <img loading=\"lazy\" decoding=\"async\" width=\"150\" height=\"150\" src=\"https:\/\/bosquedivino.com.ar\/cabanas\/wp-content\/uploads\/2023\/06\/g15-150x150.jpg\" class=\"ig-thumbnail loading\" alt=\"Standard 7\" \/>                        \n                                            <\/div>\n\n\n\n                                    <\/a>\n                            <\/div>\n\n        <\/div>\n                        <div class=\"ig-col single-image igp-item ig-col-lg-2 ig-col-md-3 ig-col-sm-4 ig-col-xs-6\" data-index=\"7\">\n            <div class=\"ig-image-card igp-card ig-has-card-border hvr-glow\">\n                                    <a class=\"ig-lightbox-item\" href=\"https:\/\/bosquedivino.com.ar\/cabanas\/wp-content\/uploads\/2023\/06\/g13.jpg\" data-lightbox=\"ig-gallery-155\" data-title=\"Standard 8\" data-width=\"281\" data-height=\"212\">\n                                    \n\n\n                    <div class=\"ig-image-container\">\n                        <img loading=\"lazy\" decoding=\"async\" width=\"150\" height=\"150\" src=\"https:\/\/bosquedivino.com.ar\/cabanas\/wp-content\/uploads\/2023\/06\/g13-150x150.jpg\" class=\"ig-thumbnail loading\" alt=\"Standard 8\" \/>                        \n                                            <\/div>\n\n\n\n                                    <\/a>\n                            <\/div>\n\n        <\/div>\n            <\/div>\n\n\n\n        <\/div>\n<p>&nbsp;<\/p>\n","protected":false},"excerpt":{"rendered":"<p>Caba\u00f1a totalmente equipada para 4 personas, un dormitorio Matrimonial, y en el comedor un sof\u00e1 con carricama para dos personas m\u00e1s. &nbsp;<\/p>\n","protected":false},"author":1,"featured_media":0,"parent":0,"menu_order":0,"comment_status":"closed","ping_status":"closed","template":"","meta":{"footnotes":""},"class_list":["post-153","page","type-page","status-publish","hentry"],"_links":{"self":[{"href":"https:\/\/bosquedivino.com.ar\/cabanas\/wp-json\/wp\/v2\/pages\/153","targetHints":{"allow":["GET"]}}],"collection":[{"href":"https:\/\/bosquedivino.com.ar\/cabanas\/wp-json\/wp\/v2\/pages"}],"about":[{"href":"https:\/\/bosquedivino.com.ar\/cabanas\/wp-json\/wp\/v2\/types\/page"}],"author":[{"embeddable":true,"href":"https:\/\/bosquedivino.com.ar\/cabanas\/wp-json\/wp\/v2\/users\/1"}],"replies":[{"embeddable":true,"href":"https:\/\/bosquedivino.com.ar\/cabanas\/wp-json\/wp\/v2\/comments?post=153"}],"version-history":[{"count":3,"href":"https:\/\/bosquedivino.com.ar\/cabanas\/wp-json\/wp\/v2\/pages\/153\/revisions"}],"predecessor-version":[{"id":167,"href":"https:\/\/bosquedivino.com.ar\/cabanas\/wp-json\/wp\/v2\/pages\/153\/revisions\/167"}],"wp:attachment":[{"href":"https:\/\/bosquedivino.com.ar\/cabanas\/wp-json\/wp\/v2\/media?parent=153"}],"curies":[{"name":"wp","href":"https:\/\/api.w.org\/{rel}","templated":true}]}}