{"id":168,"date":"2023-06-27T08:28:47","date_gmt":"2023-06-27T11:28:47","guid":{"rendered":"http:\/\/bosquedivino.com.ar\/cabanas\/?page_id=168"},"modified":"2023-06-27T08:37:46","modified_gmt":"2023-06-27T11:37:46","slug":"cabana-premium","status":"publish","type":"page","link":"https:\/\/bosquedivino.com.ar\/cabanas\/cabana-premium\/","title":{"rendered":"Caba\u00f1a Premium"},"content":{"rendered":"<p>Caba\u00f1a totalmente equipada para 4 personas, posee una estufa a le\u00f1a, comedor amplio en metros cuadrados, un dormitorio matrimonial y en comedor un sofa con carricama para dos personas m\u00e1s.<\/p>\n\t<!-- Gallery Engine Assets -->\r\n\t<style>\r\n\t\t#image_gallery_wrap_171 {\r\n            --ig-gutter: 8px;\r\n            --ig-cols-lg: 6;\r\n            --ig-cols-md: 4;\r\n            --ig-cols-sm: 3;\r\n            --ig-cols-xs: 2;\r\n            \r\n            \/* Dynamic Border Variables *\/\r\n                        --ig-radius: 8px;\r\n            --ig-card-radius: 8px;\r\n            --ig-card-padding: 8px;\r\n\r\n\r\n        }\r\n\t<\/style>\r\n        <div id=\"image_gallery_wrap_171\" \r\n        class=\"ig-gallery-outer-wrap ig-layout-masonry\" \r\n        data-layout=\"masonry\" \r\n        data-lb-loop=\"0\" \r\n        data-lb-label=\"Image %1 of %2\"\r\n        data-version=\"2.0.1\">\r\n\r\n    <div id=\"image_gallery_171\" \n         class=\"ig-row igp-gallery all-images_171\">\n        <div class=\"grid-sizer\"><\/div>\n                        <div class=\"ig-col single-image igp-item ig-col-lg-2 ig-col-md-3 ig-col-sm-4 ig-col-xs-6\" data-index=\"0\">\n            <div class=\"ig-image-card igp-card ig-has-card-border hvr-glow\">\n                                    <a class=\"ig-lightbox-item\" href=\"https:\/\/bosquedivino.com.ar\/cabanas\/wp-content\/uploads\/2023\/06\/1.jpeg\" data-lightbox=\"ig-gallery-171\" data-title=\"Premium 1\" data-width=\"600\" data-height=\"308\">\n                                    \n\n\n                    <div class=\"ig-image-container\">\n                        <img loading=\"lazy\" decoding=\"async\" width=\"150\" height=\"150\" src=\"https:\/\/bosquedivino.com.ar\/cabanas\/wp-content\/uploads\/2023\/06\/1-150x150.jpeg\" class=\"ig-thumbnail loading\" alt=\"Premium 1\" \/>                        \n                                            <\/div>\n\n\n\n                                    <\/a>\n                            <\/div>\n\n        <\/div>\n                        <div class=\"ig-col single-image igp-item ig-col-lg-2 ig-col-md-3 ig-col-sm-4 ig-col-xs-6\" data-index=\"1\">\n            <div class=\"ig-image-card igp-card ig-has-card-border hvr-glow\">\n                                    <a class=\"ig-lightbox-item\" href=\"https:\/\/bosquedivino.com.ar\/cabanas\/wp-content\/uploads\/2023\/06\/2.jpeg\" data-lightbox=\"ig-gallery-171\" data-title=\"Premium 2\" data-width=\"600\" data-height=\"304\">\n                                    \n\n\n                    <div class=\"ig-image-container\">\n                        <img loading=\"lazy\" decoding=\"async\" width=\"150\" height=\"150\" src=\"https:\/\/bosquedivino.com.ar\/cabanas\/wp-content\/uploads\/2023\/06\/2-150x150.jpeg\" class=\"ig-thumbnail loading\" alt=\"Premium 2\" \/>                        \n                                            <\/div>\n\n\n\n                                    <\/a>\n                            <\/div>\n\n        <\/div>\n                        <div class=\"ig-col single-image igp-item ig-col-lg-2 ig-col-md-3 ig-col-sm-4 ig-col-xs-6\" data-index=\"2\">\n            <div class=\"ig-image-card igp-card ig-has-card-border hvr-glow\">\n                                    <a class=\"ig-lightbox-item\" href=\"https:\/\/bosquedivino.com.ar\/cabanas\/wp-content\/uploads\/2023\/06\/3.jpeg\" data-lightbox=\"ig-gallery-171\" data-title=\"Premium 3\" data-width=\"600\" data-height=\"308\">\n                                    \n\n\n                    <div class=\"ig-image-container\">\n                        <img loading=\"lazy\" decoding=\"async\" width=\"150\" height=\"150\" src=\"https:\/\/bosquedivino.com.ar\/cabanas\/wp-content\/uploads\/2023\/06\/3-150x150.jpeg\" class=\"ig-thumbnail loading\" alt=\"Premium 3\" \/>                        \n                                            <\/div>\n\n\n\n                                    <\/a>\n                            <\/div>\n\n        <\/div>\n                        <div class=\"ig-col single-image igp-item ig-col-lg-2 ig-col-md-3 ig-col-sm-4 ig-col-xs-6\" data-index=\"3\">\n            <div class=\"ig-image-card igp-card ig-has-card-border hvr-glow\">\n                                    <a class=\"ig-lightbox-item\" href=\"https:\/\/bosquedivino.com.ar\/cabanas\/wp-content\/uploads\/2023\/06\/4.jpeg\" data-lightbox=\"ig-gallery-171\" data-title=\"Premium 4\" data-width=\"600\" data-height=\"309\">\n                                    \n\n\n                    <div class=\"ig-image-container\">\n                        <img loading=\"lazy\" decoding=\"async\" width=\"150\" height=\"150\" src=\"https:\/\/bosquedivino.com.ar\/cabanas\/wp-content\/uploads\/2023\/06\/4-150x150.jpeg\" class=\"ig-thumbnail loading\" alt=\"Premium 4\" \/>                        \n                                            <\/div>\n\n\n\n                                    <\/a>\n                            <\/div>\n\n        <\/div>\n                        <div class=\"ig-col single-image igp-item ig-col-lg-2 ig-col-md-3 ig-col-sm-4 ig-col-xs-6\" data-index=\"4\">\n            <div class=\"ig-image-card igp-card ig-has-card-border hvr-glow\">\n                                    <a class=\"ig-lightbox-item\" href=\"https:\/\/bosquedivino.com.ar\/cabanas\/wp-content\/uploads\/2023\/06\/6.jpeg\" data-lightbox=\"ig-gallery-171\" data-title=\"Premium 5\" data-width=\"600\" data-height=\"301\">\n                                    \n\n\n                    <div class=\"ig-image-container\">\n                        <img loading=\"lazy\" decoding=\"async\" width=\"150\" height=\"150\" src=\"https:\/\/bosquedivino.com.ar\/cabanas\/wp-content\/uploads\/2023\/06\/6-150x150.jpeg\" class=\"ig-thumbnail loading\" alt=\"Premium 5\" \/>                        \n                                            <\/div>\n\n\n\n                                    <\/a>\n                            <\/div>\n\n        <\/div>\n                        <div class=\"ig-col single-image igp-item ig-col-lg-2 ig-col-md-3 ig-col-sm-4 ig-col-xs-6\" data-index=\"5\">\n            <div class=\"ig-image-card igp-card ig-has-card-border hvr-glow\">\n                                    <a class=\"ig-lightbox-item\" href=\"https:\/\/bosquedivino.com.ar\/cabanas\/wp-content\/uploads\/2023\/06\/5.jpeg\" data-lightbox=\"ig-gallery-171\" data-title=\"Premium 6\" data-width=\"600\" data-height=\"307\">\n                                    \n\n\n                    <div class=\"ig-image-container\">\n                        <img loading=\"lazy\" decoding=\"async\" width=\"150\" height=\"150\" src=\"https:\/\/bosquedivino.com.ar\/cabanas\/wp-content\/uploads\/2023\/06\/5-150x150.jpeg\" class=\"ig-thumbnail loading\" alt=\"Premium 6\" \/>                        \n                                            <\/div>\n\n\n\n                                    <\/a>\n                            <\/div>\n\n        <\/div>\n                        <div class=\"ig-col single-image igp-item ig-col-lg-2 ig-col-md-3 ig-col-sm-4 ig-col-xs-6\" data-index=\"6\">\n            <div class=\"ig-image-card igp-card ig-has-card-border hvr-glow\">\n                                    <a class=\"ig-lightbox-item\" href=\"https:\/\/bosquedivino.com.ar\/cabanas\/wp-content\/uploads\/2023\/06\/7.jpeg\" data-lightbox=\"ig-gallery-171\" data-title=\"Premium 7\" data-width=\"600\" data-height=\"310\">\n                                    \n\n\n                    <div class=\"ig-image-container\">\n                        <img loading=\"lazy\" decoding=\"async\" width=\"150\" height=\"150\" src=\"https:\/\/bosquedivino.com.ar\/cabanas\/wp-content\/uploads\/2023\/06\/7-150x150.jpeg\" class=\"ig-thumbnail loading\" alt=\"Premium 7\" \/>                        \n                                            <\/div>\n\n\n\n                                    <\/a>\n                            <\/div>\n\n        <\/div>\n                        <div class=\"ig-col single-image igp-item ig-col-lg-2 ig-col-md-3 ig-col-sm-4 ig-col-xs-6\" data-index=\"7\">\n            <div class=\"ig-image-card igp-card ig-has-card-border hvr-glow\">\n                                    <a class=\"ig-lightbox-item\" href=\"https:\/\/bosquedivino.com.ar\/cabanas\/wp-content\/uploads\/2023\/06\/9-1.jpeg\" data-lightbox=\"ig-gallery-171\" data-title=\"Premium 8\" data-width=\"600\" data-height=\"299\">\n                                    \n\n\n                    <div class=\"ig-image-container\">\n                        <img loading=\"lazy\" decoding=\"async\" width=\"150\" height=\"150\" src=\"https:\/\/bosquedivino.com.ar\/cabanas\/wp-content\/uploads\/2023\/06\/9-1-150x150.jpeg\" class=\"ig-thumbnail loading\" alt=\"Premium 8\" \/>                        \n                                            <\/div>\n\n\n\n                                    <\/a>\n                            <\/div>\n\n        <\/div>\n                        <div class=\"ig-col single-image igp-item ig-col-lg-2 ig-col-md-3 ig-col-sm-4 ig-col-xs-6\" data-index=\"8\">\n            <div class=\"ig-image-card igp-card ig-has-card-border hvr-glow\">\n                                    <a class=\"ig-lightbox-item\" href=\"https:\/\/bosquedivino.com.ar\/cabanas\/wp-content\/uploads\/2023\/06\/10-1.jpeg\" data-lightbox=\"ig-gallery-171\" data-title=\"Premium 9\" data-width=\"600\" data-height=\"304\">\n                                    \n\n\n                    <div class=\"ig-image-container\">\n                        <img loading=\"lazy\" decoding=\"async\" width=\"150\" height=\"150\" src=\"https:\/\/bosquedivino.com.ar\/cabanas\/wp-content\/uploads\/2023\/06\/10-1-150x150.jpeg\" class=\"ig-thumbnail loading\" alt=\"Premium 9\" \/>                        \n                                            <\/div>\n\n\n\n                                    <\/a>\n                            <\/div>\n\n        <\/div>\n                        <div class=\"ig-col single-image igp-item ig-col-lg-2 ig-col-md-3 ig-col-sm-4 ig-col-xs-6\" data-index=\"9\">\n            <div class=\"ig-image-card igp-card ig-has-card-border hvr-glow\">\n                                    <a class=\"ig-lightbox-item\" href=\"https:\/\/bosquedivino.com.ar\/cabanas\/wp-content\/uploads\/2023\/06\/8.jpeg\" data-lightbox=\"ig-gallery-171\" data-title=\"Premium 10\" data-width=\"600\" data-height=\"307\">\n                                    \n\n\n                    <div class=\"ig-image-container\">\n                        <img loading=\"lazy\" decoding=\"async\" width=\"150\" height=\"150\" src=\"https:\/\/bosquedivino.com.ar\/cabanas\/wp-content\/uploads\/2023\/06\/8-150x150.jpeg\" class=\"ig-thumbnail loading\" alt=\"Premium 10\" \/>                        \n                                            <\/div>\n\n\n\n                                    <\/a>\n                            <\/div>\n\n        <\/div>\n            <\/div>\n\n\n\n        <\/div>\n","protected":false},"excerpt":{"rendered":"<p>Caba\u00f1a totalmente equipada para 4 personas, posee una estufa a le\u00f1a, comedor amplio en metros cuadrados, un dormitorio matrimonial y en comedor un sofa con &hellip; <\/p>\n","protected":false},"author":1,"featured_media":0,"parent":0,"menu_order":0,"comment_status":"closed","ping_status":"closed","template":"","meta":{"footnotes":""},"class_list":["post-168","page","type-page","status-publish","hentry"],"_links":{"self":[{"href":"https:\/\/bosquedivino.com.ar\/cabanas\/wp-json\/wp\/v2\/pages\/168","targetHints":{"allow":["GET"]}}],"collection":[{"href":"https:\/\/bosquedivino.com.ar\/cabanas\/wp-json\/wp\/v2\/pages"}],"about":[{"href":"https:\/\/bosquedivino.com.ar\/cabanas\/wp-json\/wp\/v2\/types\/page"}],"author":[{"embeddable":true,"href":"https:\/\/bosquedivino.com.ar\/cabanas\/wp-json\/wp\/v2\/users\/1"}],"replies":[{"embeddable":true,"href":"https:\/\/bosquedivino.com.ar\/cabanas\/wp-json\/wp\/v2\/comments?post=168"}],"version-history":[{"count":2,"href":"https:\/\/bosquedivino.com.ar\/cabanas\/wp-json\/wp\/v2\/pages\/168\/revisions"}],"predecessor-version":[{"id":182,"href":"https:\/\/bosquedivino.com.ar\/cabanas\/wp-json\/wp\/v2\/pages\/168\/revisions\/182"}],"wp:attachment":[{"href":"https:\/\/bosquedivino.com.ar\/cabanas\/wp-json\/wp\/v2\/media?parent=168"}],"curies":[{"name":"wp","href":"https:\/\/api.w.org\/{rel}","templated":true}]}}