{"id":183,"date":"2023-06-27T09:01:06","date_gmt":"2023-06-27T12:01:06","guid":{"rendered":"http:\/\/bosquedivino.com.ar\/cabanas\/?page_id=183"},"modified":"2023-06-27T09:18:08","modified_gmt":"2023-06-27T12:18:08","slug":"cabana-2-dor","status":"publish","type":"page","link":"https:\/\/bosquedivino.com.ar\/cabanas\/cabana-2-dor\/","title":{"rendered":"Caba\u00f1a 2 Dormitorios"},"content":{"rendered":"<p>Caba\u00f1a totalmente equipada para 6 u 8 personas, dispone de dos dormitorios y en comedor un sof\u00e1 con carricama, parrila individual, y cochera techada.<\/p>\n\t<!-- Gallery Engine Assets -->\r\n\t<style>\r\n\t\t#image_gallery_wrap_185 {\r\n            --ig-gutter: 8px;\r\n            --ig-cols-lg: 6;\r\n            --ig-cols-md: 4;\r\n            --ig-cols-sm: 3;\r\n            --ig-cols-xs: 2;\r\n            \r\n            \/* Dynamic Border Variables *\/\r\n                        --ig-radius: 8px;\r\n            --ig-card-radius: 8px;\r\n            --ig-card-padding: 8px;\r\n\r\n\r\n        }\r\n\t<\/style>\r\n        <div id=\"image_gallery_wrap_185\" \r\n        class=\"ig-gallery-outer-wrap ig-layout-masonry\" \r\n        data-layout=\"masonry\" \r\n        data-lb-loop=\"0\" \r\n        data-lb-label=\"Image %1 of %2\"\r\n        data-version=\"2.0.1\">\r\n\r\n    <div id=\"image_gallery_185\" \n         class=\"ig-row igp-gallery all-images_185\">\n        <div class=\"grid-sizer\"><\/div>\n                        <div class=\"ig-col single-image igp-item ig-col-lg-2 ig-col-md-3 ig-col-sm-4 ig-col-xs-6\" data-index=\"0\">\n            <div class=\"ig-image-card igp-card ig-has-card-border hvr-glow\">\n                                    <a class=\"ig-lightbox-item\" href=\"https:\/\/bosquedivino.com.ar\/cabanas\/wp-content\/uploads\/2023\/06\/g2.jpg\" data-lightbox=\"ig-gallery-185\" data-title=\"2D 1\" data-width=\"285\" data-height=\"220\">\n                                    \n\n\n                    <div class=\"ig-image-container\">\n                        <img loading=\"lazy\" decoding=\"async\" width=\"150\" height=\"150\" src=\"https:\/\/bosquedivino.com.ar\/cabanas\/wp-content\/uploads\/2023\/06\/g2-150x150.jpg\" class=\"ig-thumbnail loading\" alt=\"2D 1\" \/>                        \n                                            <\/div>\n\n\n\n                                    <\/a>\n                            <\/div>\n\n        <\/div>\n                        <div class=\"ig-col single-image igp-item ig-col-lg-2 ig-col-md-3 ig-col-sm-4 ig-col-xs-6\" data-index=\"1\">\n            <div class=\"ig-image-card igp-card ig-has-card-border hvr-glow\">\n                                    <a class=\"ig-lightbox-item\" href=\"https:\/\/bosquedivino.com.ar\/cabanas\/wp-content\/uploads\/2023\/06\/g1.jpg\" data-lightbox=\"ig-gallery-185\" data-title=\"2D 2\" data-width=\"566\" data-height=\"216\">\n                                    \n\n\n                    <div class=\"ig-image-container\">\n                        <img loading=\"lazy\" decoding=\"async\" width=\"150\" height=\"150\" src=\"https:\/\/bosquedivino.com.ar\/cabanas\/wp-content\/uploads\/2023\/06\/g1-150x150.jpg\" class=\"ig-thumbnail loading\" alt=\"2D 2\" \/>                        \n                                            <\/div>\n\n\n\n                                    <\/a>\n                            <\/div>\n\n        <\/div>\n                        <div class=\"ig-col single-image igp-item ig-col-lg-2 ig-col-md-3 ig-col-sm-4 ig-col-xs-6\" data-index=\"2\">\n            <div class=\"ig-image-card igp-card ig-has-card-border hvr-glow\">\n                                    <a class=\"ig-lightbox-item\" href=\"https:\/\/bosquedivino.com.ar\/cabanas\/wp-content\/uploads\/2023\/06\/g3-1.jpg\" data-lightbox=\"ig-gallery-185\" data-title=\"2D 3\" data-width=\"285\" data-height=\"440\">\n                                    \n\n\n                    <div class=\"ig-image-container\">\n                        <img loading=\"lazy\" decoding=\"async\" width=\"150\" height=\"150\" src=\"https:\/\/bosquedivino.com.ar\/cabanas\/wp-content\/uploads\/2023\/06\/g3-1-150x150.jpg\" class=\"ig-thumbnail loading\" alt=\"2D 3\" \/>                        \n                                            <\/div>\n\n\n\n                                    <\/a>\n                            <\/div>\n\n        <\/div>\n                        <div class=\"ig-col single-image igp-item ig-col-lg-2 ig-col-md-3 ig-col-sm-4 ig-col-xs-6\" data-index=\"3\">\n            <div class=\"ig-image-card igp-card ig-has-card-border hvr-glow\">\n                                    <a class=\"ig-lightbox-item\" href=\"https:\/\/bosquedivino.com.ar\/cabanas\/wp-content\/uploads\/2023\/06\/g4.jpg\" data-lightbox=\"ig-gallery-185\" data-title=\"2D 4\" data-width=\"285\" data-height=\"220\">\n                                    \n\n\n                    <div class=\"ig-image-container\">\n                        <img loading=\"lazy\" decoding=\"async\" width=\"150\" height=\"150\" src=\"https:\/\/bosquedivino.com.ar\/cabanas\/wp-content\/uploads\/2023\/06\/g4-150x150.jpg\" class=\"ig-thumbnail loading\" alt=\"2D 4\" \/>                        \n                                            <\/div>\n\n\n\n                                    <\/a>\n                            <\/div>\n\n        <\/div>\n                        <div class=\"ig-col single-image igp-item ig-col-lg-2 ig-col-md-3 ig-col-sm-4 ig-col-xs-6\" data-index=\"4\">\n            <div class=\"ig-image-card igp-card ig-has-card-border hvr-glow\">\n                                    <a class=\"ig-lightbox-item\" href=\"https:\/\/bosquedivino.com.ar\/cabanas\/wp-content\/uploads\/2023\/06\/g10.jpg\" data-lightbox=\"ig-gallery-185\" data-title=\"2D 5\" data-width=\"285\" data-height=\"440\">\n                                    \n\n\n                    <div class=\"ig-image-container\">\n                        <img loading=\"lazy\" decoding=\"async\" width=\"150\" height=\"150\" src=\"https:\/\/bosquedivino.com.ar\/cabanas\/wp-content\/uploads\/2023\/06\/g10-150x150.jpg\" class=\"ig-thumbnail loading\" alt=\"2D 5\" \/>                        \n                                            <\/div>\n\n\n\n                                    <\/a>\n                            <\/div>\n\n        <\/div>\n                        <div class=\"ig-col single-image igp-item ig-col-lg-2 ig-col-md-3 ig-col-sm-4 ig-col-xs-6\" data-index=\"5\">\n            <div class=\"ig-image-card igp-card ig-has-card-border hvr-glow\">\n                                    <a class=\"ig-lightbox-item\" href=\"https:\/\/bosquedivino.com.ar\/cabanas\/wp-content\/uploads\/2023\/06\/g9.jpg\" data-lightbox=\"ig-gallery-185\" data-title=\"2D 6\" data-width=\"285\" data-height=\"440\">\n                                    \n\n\n                    <div class=\"ig-image-container\">\n                        <img loading=\"lazy\" decoding=\"async\" width=\"150\" height=\"150\" src=\"https:\/\/bosquedivino.com.ar\/cabanas\/wp-content\/uploads\/2023\/06\/g9-150x150.jpg\" class=\"ig-thumbnail loading\" alt=\"2D 6\" \/>                        \n                                            <\/div>\n\n\n\n                                    <\/a>\n                            <\/div>\n\n        <\/div>\n                        <div class=\"ig-col single-image igp-item ig-col-lg-2 ig-col-md-3 ig-col-sm-4 ig-col-xs-6\" data-index=\"6\">\n            <div class=\"ig-image-card igp-card ig-has-card-border hvr-glow\">\n                                    <a class=\"ig-lightbox-item\" href=\"https:\/\/bosquedivino.com.ar\/cabanas\/wp-content\/uploads\/2023\/06\/g11-1.jpg\" data-lightbox=\"ig-gallery-185\" data-title=\"2D 7\" data-width=\"566\" data-height=\"216\">\n                                    \n\n\n                    <div class=\"ig-image-container\">\n                        <img loading=\"lazy\" decoding=\"async\" width=\"150\" height=\"150\" src=\"https:\/\/bosquedivino.com.ar\/cabanas\/wp-content\/uploads\/2023\/06\/g11-1-150x150.jpg\" class=\"ig-thumbnail loading\" alt=\"2D 7\" \/>                        \n                                            <\/div>\n\n\n\n                                    <\/a>\n                            <\/div>\n\n        <\/div>\n            <\/div>\n\n\n\n        <\/div>\n","protected":false},"excerpt":{"rendered":"<p>Caba\u00f1a totalmente equipada para 6 u 8 personas, dispone de dos dormitorios y en comedor un sof\u00e1 con carricama, parrila individual, y cochera techada.<\/p>\n","protected":false},"author":1,"featured_media":0,"parent":0,"menu_order":0,"comment_status":"closed","ping_status":"closed","template":"","meta":{"footnotes":""},"class_list":["post-183","page","type-page","status-publish","hentry"],"_links":{"self":[{"href":"https:\/\/bosquedivino.com.ar\/cabanas\/wp-json\/wp\/v2\/pages\/183","targetHints":{"allow":["GET"]}}],"collection":[{"href":"https:\/\/bosquedivino.com.ar\/cabanas\/wp-json\/wp\/v2\/pages"}],"about":[{"href":"https:\/\/bosquedivino.com.ar\/cabanas\/wp-json\/wp\/v2\/types\/page"}],"author":[{"embeddable":true,"href":"https:\/\/bosquedivino.com.ar\/cabanas\/wp-json\/wp\/v2\/users\/1"}],"replies":[{"embeddable":true,"href":"https:\/\/bosquedivino.com.ar\/cabanas\/wp-json\/wp\/v2\/comments?post=183"}],"version-history":[{"count":3,"href":"https:\/\/bosquedivino.com.ar\/cabanas\/wp-json\/wp\/v2\/pages\/183\/revisions"}],"predecessor-version":[{"id":211,"href":"https:\/\/bosquedivino.com.ar\/cabanas\/wp-json\/wp\/v2\/pages\/183\/revisions\/211"}],"wp:attachment":[{"href":"https:\/\/bosquedivino.com.ar\/cabanas\/wp-json\/wp\/v2\/media?parent=183"}],"curies":[{"name":"wp","href":"https:\/\/api.w.org\/{rel}","templated":true}]}}