{"id":2,"date":"2021-10-04T10:04:18","date_gmt":"2021-10-04T13:04:18","guid":{"rendered":"http:\/\/bosquedivino.com.ar\/cabanas\/?page_id=2"},"modified":"2025-12-17T12:02:12","modified_gmt":"2025-12-17T15:02:12","slug":"pagina-ejemplo","status":"publish","type":"page","link":"https:\/\/bosquedivino.com.ar\/cabanas\/","title":{"rendered":"inicio"},"content":{"rendered":"\r\n<p><strong>La mejor ubicaci\u00f3n en el Valle Grande<\/strong><\/p>\r\n\r\n\r\n\r\n<p><br \/>A los pies del dique Valle Grande, en el mejor lugar del Ca\u00f1\u00f3n del Atuel y en un predio de 28 has., inauguramos el \u00fanico complejo cuatro estrellas del lugar con 22 casas y todo el confort. Muebles de dise\u00f1o y la atenci\u00f3n que necesitas para pasarlo genial. Parrillas individuales, cocheras cubiertas y mucha privacidad. Una piscina de 200 mts2 con una incre\u00edble vista panor\u00e1mica de 360\u00b0. Seguridad las 24hs..<\/p>\r\n<p><figure class=\"wp-block-embed wp-block-embed-youtube is-type-video is-provider-youtube epyt-figure\"><div class=\"wp-block-embed__wrapper\"><div class=\"epyt-video-wrapper\"><iframe loading=\"lazy\"  id=\"_ytid_87305\"  width=\"840\" height=\"472\"  data-origwidth=\"840\" data-origheight=\"472\" src=\"https:\/\/www.youtube.com\/embed\/7oY2ms1l94Y?enablejsapi=1&autoplay=1&cc_load_policy=0&iv_load_policy=1&loop=0&fs=1&playsinline=0&controls=1&color=red&cc_lang_pref=&rel=1&autohide=2&theme=dark&\" class=\"__youtube_prefs__  no-lazyload\" title=\"YouTube player\"  allow=\"fullscreen; accelerometer; autoplay; clipboard-write; encrypted-media; gyroscope; picture-in-picture; web-share\" referrerpolicy=\"strict-origin-when-cross-origin\" allowfullscreen data-no-lazy=\"1\" data-skipgform_ajax_framebjll=\"\"><\/iframe><\/div><\/div><\/figure><figure class=\"wp-block-embed wp-block-embed-youtube is-type-video is-provider-youtube epyt-figure\"><div class=\"wp-block-embed__wrapper\"><div class=\"epyt-video-wrapper\"><iframe loading=\"lazy\"  id=\"_ytid_78021\"  width=\"840\" height=\"472\"  data-origwidth=\"840\" data-origheight=\"472\" src=\"https:\/\/www.youtube.com\/embed\/P1F_XunOQjk?enablejsapi=1&autoplay=1&cc_load_policy=0&iv_load_policy=1&loop=0&fs=1&playsinline=0&controls=1&color=red&cc_lang_pref=&rel=1&autohide=2&theme=dark&\" class=\"__youtube_prefs__  no-lazyload\" title=\"YouTube player\"  allow=\"fullscreen; accelerometer; autoplay; clipboard-write; encrypted-media; gyroscope; picture-in-picture; web-share\" referrerpolicy=\"strict-origin-when-cross-origin\" allowfullscreen data-no-lazy=\"1\" data-skipgform_ajax_framebjll=\"\"><\/iframe><\/div><\/div><\/figure><\/p>\r\n<p><iframe loading=\"lazy\" title=\"Portal del Atuel\" width=\"563\" height=\"1000\" src=\"https:\/\/www.youtube.com\/embed\/G3RFHH6K2UY?feature=oembed\" frameborder=\"0\" allow=\"accelerometer; autoplay; clipboard-write; encrypted-media; gyroscope; picture-in-picture; web-share\" referrerpolicy=\"strict-origin-when-cross-origin\" allowfullscreen><\/iframe><\/p>\r\n<p>&nbsp;<\/p>\r\n<p>&nbsp;<\/p>\r\n\r\n\r\n\r\n<figure class=\"wp-block-embed is-type-video is-provider-youtube wp-block-embed-youtube wp-embed-aspect-16-9 wp-has-aspect-ratio\">\r\n<div class=\"wp-block-embed__wrapper\">\u00a0<\/div>\r\n<div>\u00a0<\/div>\r\n<\/figure>\r\n","protected":false},"excerpt":{"rendered":"<p>La mejor ubicaci\u00f3n en el Valle Grande A los pies del dique Valle Grande, en el mejor lugar del Ca\u00f1\u00f3n del Atuel y en un &hellip; <\/p>\n","protected":false},"author":1,"featured_media":0,"parent":0,"menu_order":0,"comment_status":"closed","ping_status":"open","template":"","meta":{"footnotes":""},"class_list":["post-2","page","type-page","status-publish","hentry"],"_links":{"self":[{"href":"https:\/\/bosquedivino.com.ar\/cabanas\/wp-json\/wp\/v2\/pages\/2","targetHints":{"allow":["GET"]}}],"collection":[{"href":"https:\/\/bosquedivino.com.ar\/cabanas\/wp-json\/wp\/v2\/pages"}],"about":[{"href":"https:\/\/bosquedivino.com.ar\/cabanas\/wp-json\/wp\/v2\/types\/page"}],"author":[{"embeddable":true,"href":"https:\/\/bosquedivino.com.ar\/cabanas\/wp-json\/wp\/v2\/users\/1"}],"replies":[{"embeddable":true,"href":"https:\/\/bosquedivino.com.ar\/cabanas\/wp-json\/wp\/v2\/comments?post=2"}],"version-history":[{"count":9,"href":"https:\/\/bosquedivino.com.ar\/cabanas\/wp-json\/wp\/v2\/pages\/2\/revisions"}],"predecessor-version":[{"id":235,"href":"https:\/\/bosquedivino.com.ar\/cabanas\/wp-json\/wp\/v2\/pages\/2\/revisions\/235"}],"wp:attachment":[{"href":"https:\/\/bosquedivino.com.ar\/cabanas\/wp-json\/wp\/v2\/media?parent=2"}],"curies":[{"name":"wp","href":"https:\/\/api.w.org\/{rel}","templated":true}]}}