{"id":32,"date":"2021-10-19T08:58:39","date_gmt":"2021-10-19T11:58:39","guid":{"rendered":"http:\/\/bosquedivino.com.ar\/cabanas\/?page_id=32"},"modified":"2021-11-03T18:52:29","modified_gmt":"2021-11-03T21:52:29","slug":"canon-del-atuel","status":"publish","type":"page","link":"https:\/\/bosquedivino.com.ar\/cabanas\/canon-del-atuel\/","title":{"rendered":"Ca\u00f1\u00f3n del Atuel"},"content":{"rendered":"<p>Los imponentes ca\u00f1adones, los colores y el misterio de los cerros, el verde de los \u00e1rboles que invitan a una sombra fresca y reparadora, y las aguas cristalinas del r\u00edo Atuel. Todo est\u00e1 para ser descubierto&#8230;<\/p>\n<p><img loading=\"lazy\" decoding=\"async\" class=\"alignnone size-full wp-image-128\" src=\"http:\/\/bosquedivino.com.ar\/cabanas\/wp-content\/uploads\/2021\/11\/canyon.jpg\" alt=\"\" width=\"801\" height=\"400\" srcset=\"https:\/\/bosquedivino.com.ar\/cabanas\/wp-content\/uploads\/2021\/11\/canyon.jpg 801w, https:\/\/bosquedivino.com.ar\/cabanas\/wp-content\/uploads\/2021\/11\/canyon-300x150.jpg 300w, https:\/\/bosquedivino.com.ar\/cabanas\/wp-content\/uploads\/2021\/11\/canyon-768x384.jpg 768w, https:\/\/bosquedivino.com.ar\/cabanas\/wp-content\/uploads\/2021\/11\/canyon-120x60.jpg 120w\" sizes=\"auto, (max-width: 801px) 100vw, 801px\" \/><\/p>\n<h3>R\u00edo Atuel<\/h3>\n<p>El murmurante r\u00edo andino baja entre los cerros dibujando asombrosos paisajes de roca milenaria y vegetaci\u00f3n aut\u00f3ctona. Famoso por la pr\u00e1ctica del rafting, inicia su recorrido luego del embalse Valle Grande a metros de nuestro complejo.<\/p>\n<p><img loading=\"lazy\" decoding=\"async\" class=\"alignnone size-full wp-image-130\" src=\"http:\/\/bosquedivino.com.ar\/cabanas\/wp-content\/uploads\/2021\/11\/atuel.jpg\" alt=\"\" width=\"800\" height=\"400\" srcset=\"https:\/\/bosquedivino.com.ar\/cabanas\/wp-content\/uploads\/2021\/11\/atuel.jpg 800w, https:\/\/bosquedivino.com.ar\/cabanas\/wp-content\/uploads\/2021\/11\/atuel-300x150.jpg 300w, https:\/\/bosquedivino.com.ar\/cabanas\/wp-content\/uploads\/2021\/11\/atuel-768x384.jpg 768w, https:\/\/bosquedivino.com.ar\/cabanas\/wp-content\/uploads\/2021\/11\/atuel-120x60.jpg 120w\" sizes=\"auto, (max-width: 800px) 100vw, 800px\" \/><\/p>\n<div class=\"col-md-7 our-left heading\">\n<h3>Embalse Valle Grande<\/h3>\n<p>El pared\u00f3n de la presa Valle Grande contiene un inmenso espejo de agua verde esmeralda que es una tentaci\u00f3n para la pr\u00e1ctica de la nataci\u00f3n, buceo, esqu\u00ed, remo, moton\u00e1utica, paseos en catamar\u00e1n, windsurf, pesca deportiva, safaris fotogr\u00e1ficos, etc.<\/p>\n<p><img loading=\"lazy\" decoding=\"async\" class=\"alignnone size-full wp-image-132\" src=\"http:\/\/bosquedivino.com.ar\/cabanas\/wp-content\/uploads\/2021\/11\/embalse.jpg\" alt=\"\" width=\"800\" height=\"402\" srcset=\"https:\/\/bosquedivino.com.ar\/cabanas\/wp-content\/uploads\/2021\/11\/embalse.jpg 800w, https:\/\/bosquedivino.com.ar\/cabanas\/wp-content\/uploads\/2021\/11\/embalse-300x151.jpg 300w, https:\/\/bosquedivino.com.ar\/cabanas\/wp-content\/uploads\/2021\/11\/embalse-768x386.jpg 768w, https:\/\/bosquedivino.com.ar\/cabanas\/wp-content\/uploads\/2021\/11\/embalse-119x60.jpg 119w\" sizes=\"auto, (max-width: 800px) 100vw, 800px\" \/><\/p>\n<\/div>\n","protected":false},"excerpt":{"rendered":"<p>Los imponentes ca\u00f1adones, los colores y el misterio de los cerros, el verde de los \u00e1rboles que invitan a una sombra fresca y reparadora, y &hellip; <\/p>\n","protected":false},"author":1,"featured_media":0,"parent":0,"menu_order":0,"comment_status":"closed","ping_status":"closed","template":"","meta":{"footnotes":""},"class_list":["post-32","page","type-page","status-publish","hentry"],"_links":{"self":[{"href":"https:\/\/bosquedivino.com.ar\/cabanas\/wp-json\/wp\/v2\/pages\/32","targetHints":{"allow":["GET"]}}],"collection":[{"href":"https:\/\/bosquedivino.com.ar\/cabanas\/wp-json\/wp\/v2\/pages"}],"about":[{"href":"https:\/\/bosquedivino.com.ar\/cabanas\/wp-json\/wp\/v2\/types\/page"}],"author":[{"embeddable":true,"href":"https:\/\/bosquedivino.com.ar\/cabanas\/wp-json\/wp\/v2\/users\/1"}],"replies":[{"embeddable":true,"href":"https:\/\/bosquedivino.com.ar\/cabanas\/wp-json\/wp\/v2\/comments?post=32"}],"version-history":[{"count":6,"href":"https:\/\/bosquedivino.com.ar\/cabanas\/wp-json\/wp\/v2\/pages\/32\/revisions"}],"predecessor-version":[{"id":133,"href":"https:\/\/bosquedivino.com.ar\/cabanas\/wp-json\/wp\/v2\/pages\/32\/revisions\/133"}],"wp:attachment":[{"href":"https:\/\/bosquedivino.com.ar\/cabanas\/wp-json\/wp\/v2\/media?parent=32"}],"curies":[{"name":"wp","href":"https:\/\/api.w.org\/{rel}","templated":true}]}}